{"id":2225,"date":"2018-10-04T11:54:04","date_gmt":"2018-10-04T09:54:04","guid":{"rendered":"https:\/\/www.bayeuxmuseum.com\/\/visiter-bayeux\/organiser-son-sejour\/"},"modified":"2024-08-05T10:41:15","modified_gmt":"2024-08-05T08:41:15","slug":"staying-in-bayeux","status":"publish","type":"page","link":"https:\/\/www.bayeuxmuseum.com\/en\/visiting-bayeux\/staying-in-bayeux\/","title":{"rendered":"Staying in Bayeux"},"content":{"rendered":"","protected":false},"excerpt":{"rendered":"","protected":false},"author":4,"featured_media":0,"parent":2215,"menu_order":0,"comment_status":"closed","ping_status":"closed","template":"page-templates\/tpl-page-contenu.php","meta":{"_acf_changed":false,"footnotes":""},"class_list":["post-2225","page","type-page","status-publish","hentry"],"acf":[],"yoast_head":"<!-- This site is optimized with the Yoast SEO plugin v27.3 - https:\/\/yoast.com\/product\/yoast-seo-wordpress\/ -->\n<title>Staying in Bayeux - Bayeux Museum<\/title>\n<meta name=\"description\" content=\"Bayeux is the perfect place to stay, in the heart of Normandy with numerous monuments to visit, picture-postcard landscapes and wonderful food.\" \/>\n<meta name=\"robots\" content=\"index, follow, max-snippet:-1, max-image-preview:large, max-video-preview:-1\" \/>\n<link rel=\"canonical\" href=\"https:\/\/www.bayeuxmuseum.com\/visiter-bayeux\/organiser-son-sejour\/\" \/>\n<meta property=\"og:locale\" content=\"en_US\" \/>\n<meta property=\"og:type\" content=\"article\" \/>\n<meta property=\"og:title\" content=\"Staying in Bayeux - Bayeux Museum\" \/>\n<meta property=\"og:description\" content=\"Bayeux is the perfect place to stay, in the heart of Normandy with numerous monuments to visit, picture-postcard landscapes and wonderful food.\" \/>\n<meta property=\"og:url\" content=\"https:\/\/www.bayeuxmuseum.com\/visiter-bayeux\/organiser-son-sejour\/\" \/>\n<meta property=\"og:site_name\" content=\"Bayeux Museum\" \/>\n<meta property=\"article:modified_time\" content=\"2024-08-05T08:41:15+00:00\" \/>\n<meta property=\"og:image\" content=\"https:\/\/www.bayeuxmuseum.com\/wp-content\/uploads\/2018\/10\/M\u00e9di\u00e9vales-VMeign\u00e9-Ville-de-Bayeux-sejourner.jpg\" \/>\n\t<meta property=\"og:image:width\" content=\"1920\" \/>\n\t<meta property=\"og:image:height\" content=\"700\" \/>\n\t<meta property=\"og:image:type\" content=\"image\/jpeg\" \/>\n<meta name=\"twitter:card\" content=\"summary_large_image\" \/>\n<script type=\"application\/ld+json\" class=\"yoast-schema-graph\">{\"@context\":\"https:\\\/\\\/schema.org\",\"@graph\":[{\"@type\":\"WebPage\",\"@id\":\"https:\\\/\\\/www.bayeuxmuseum.com\\\/visiter-bayeux\\\/organiser-son-sejour\\\/\",\"url\":\"https:\\\/\\\/www.bayeuxmuseum.com\\\/visiter-bayeux\\\/organiser-son-sejour\\\/\",\"name\":\"Staying in Bayeux - Bayeux Museum\",\"isPartOf\":{\"@id\":\"https:\\\/\\\/www.bayeuxmuseum.com\\\/#website\"},\"datePublished\":\"2018-10-04T09:54:04+00:00\",\"dateModified\":\"2024-08-05T08:41:15+00:00\",\"description\":\"Bayeux is the perfect place to stay, in the heart of Normandy with numerous monuments to visit, picture-postcard landscapes and wonderful food.\",\"breadcrumb\":{\"@id\":\"https:\\\/\\\/www.bayeuxmuseum.com\\\/visiter-bayeux\\\/organiser-son-sejour\\\/#breadcrumb\"},\"inLanguage\":\"en-US\",\"potentialAction\":[{\"@type\":\"ReadAction\",\"target\":[\"https:\\\/\\\/www.bayeuxmuseum.com\\\/visiter-bayeux\\\/organiser-son-sejour\\\/\"]}]},{\"@type\":\"BreadcrumbList\",\"@id\":\"https:\\\/\\\/www.bayeuxmuseum.com\\\/visiter-bayeux\\\/organiser-son-sejour\\\/#breadcrumb\",\"itemListElement\":[{\"@type\":\"ListItem\",\"position\":1,\"name\":\"Accueil\",\"item\":\"https:\\\/\\\/www.bayeuxmuseum.com\\\/en\\\/\"},{\"@type\":\"ListItem\",\"position\":2,\"name\":\"Visiting Bayeux\",\"item\":\"https:\\\/\\\/www.bayeuxmuseum.com\\\/visiter-bayeux\\\/\"},{\"@type\":\"ListItem\",\"position\":3,\"name\":\"Staying in Bayeux\"}]},{\"@type\":\"WebSite\",\"@id\":\"https:\\\/\\\/www.bayeuxmuseum.com\\\/#website\",\"url\":\"https:\\\/\\\/www.bayeuxmuseum.com\\\/\",\"name\":\"Bayeux Museum\",\"description\":\"Les 3 mus\u00e9es de Bayeux\",\"potentialAction\":[{\"@type\":\"SearchAction\",\"target\":{\"@type\":\"EntryPoint\",\"urlTemplate\":\"https:\\\/\\\/www.bayeuxmuseum.com\\\/?s={search_term_string}\"},\"query-input\":{\"@type\":\"PropertyValueSpecification\",\"valueRequired\":true,\"valueName\":\"search_term_string\"}}],\"inLanguage\":\"en-US\"}]}<\/script>\n<!-- \/ Yoast SEO plugin. -->","yoast_head_json":{"title":"Staying in Bayeux - Bayeux Museum","description":"Bayeux is the perfect place to stay, in the heart of Normandy with numerous monuments to visit, picture-postcard landscapes and wonderful food.","robots":{"index":"index","follow":"follow","max-snippet":"max-snippet:-1","max-image-preview":"max-image-preview:large","max-video-preview":"max-video-preview:-1"},"canonical":"https:\/\/www.bayeuxmuseum.com\/visiter-bayeux\/organiser-son-sejour\/","og_locale":"en_US","og_type":"article","og_title":"Staying in Bayeux - Bayeux Museum","og_description":"Bayeux is the perfect place to stay, in the heart of Normandy with numerous monuments to visit, picture-postcard landscapes and wonderful food.","og_url":"https:\/\/www.bayeuxmuseum.com\/visiter-bayeux\/organiser-son-sejour\/","og_site_name":"Bayeux Museum","article_modified_time":"2024-08-05T08:41:15+00:00","og_image":[{"width":1920,"height":700,"url":"https:\/\/www.bayeuxmuseum.com\/wp-content\/uploads\/2018\/10\/M\u00e9di\u00e9vales-VMeign\u00e9-Ville-de-Bayeux-sejourner.jpg","type":"image\/jpeg"}],"twitter_card":"summary_large_image","schema":{"@context":"https:\/\/schema.org","@graph":[{"@type":"WebPage","@id":"https:\/\/www.bayeuxmuseum.com\/visiter-bayeux\/organiser-son-sejour\/","url":"https:\/\/www.bayeuxmuseum.com\/visiter-bayeux\/organiser-son-sejour\/","name":"Staying in Bayeux - Bayeux Museum","isPartOf":{"@id":"https:\/\/www.bayeuxmuseum.com\/#website"},"datePublished":"2018-10-04T09:54:04+00:00","dateModified":"2024-08-05T08:41:15+00:00","description":"Bayeux is the perfect place to stay, in the heart of Normandy with numerous monuments to visit, picture-postcard landscapes and wonderful food.","breadcrumb":{"@id":"https:\/\/www.bayeuxmuseum.com\/visiter-bayeux\/organiser-son-sejour\/#breadcrumb"},"inLanguage":"en-US","potentialAction":[{"@type":"ReadAction","target":["https:\/\/www.bayeuxmuseum.com\/visiter-bayeux\/organiser-son-sejour\/"]}]},{"@type":"BreadcrumbList","@id":"https:\/\/www.bayeuxmuseum.com\/visiter-bayeux\/organiser-son-sejour\/#breadcrumb","itemListElement":[{"@type":"ListItem","position":1,"name":"Accueil","item":"https:\/\/www.bayeuxmuseum.com\/en\/"},{"@type":"ListItem","position":2,"name":"Visiting Bayeux","item":"https:\/\/www.bayeuxmuseum.com\/visiter-bayeux\/"},{"@type":"ListItem","position":3,"name":"Staying in Bayeux"}]},{"@type":"WebSite","@id":"https:\/\/www.bayeuxmuseum.com\/#website","url":"https:\/\/www.bayeuxmuseum.com\/","name":"Bayeux Museum","description":"Les 3 mus\u00e9es de Bayeux","potentialAction":[{"@type":"SearchAction","target":{"@type":"EntryPoint","urlTemplate":"https:\/\/www.bayeuxmuseum.com\/?s={search_term_string}"},"query-input":{"@type":"PropertyValueSpecification","valueRequired":true,"valueName":"search_term_string"}}],"inLanguage":"en-US"}]}},"_links":{"self":[{"href":"https:\/\/www.bayeuxmuseum.com\/en\/wp-json\/wp\/v2\/pages\/2225","targetHints":{"allow":["GET"]}}],"collection":[{"href":"https:\/\/www.bayeuxmuseum.com\/en\/wp-json\/wp\/v2\/pages"}],"about":[{"href":"https:\/\/www.bayeuxmuseum.com\/en\/wp-json\/wp\/v2\/types\/page"}],"author":[{"embeddable":true,"href":"https:\/\/www.bayeuxmuseum.com\/en\/wp-json\/wp\/v2\/users\/4"}],"replies":[{"embeddable":true,"href":"https:\/\/www.bayeuxmuseum.com\/en\/wp-json\/wp\/v2\/comments?post=2225"}],"version-history":[{"count":2,"href":"https:\/\/www.bayeuxmuseum.com\/en\/wp-json\/wp\/v2\/pages\/2225\/revisions"}],"predecessor-version":[{"id":27610,"href":"https:\/\/www.bayeuxmuseum.com\/en\/wp-json\/wp\/v2\/pages\/2225\/revisions\/27610"}],"up":[{"embeddable":true,"href":"https:\/\/www.bayeuxmuseum.com\/en\/wp-json\/wp\/v2\/pages\/2215"}],"wp:attachment":[{"href":"https:\/\/www.bayeuxmuseum.com\/en\/wp-json\/wp\/v2\/media?parent=2225"}],"curies":[{"name":"wp","href":"https:\/\/api.w.org\/{rel}","templated":true}]}}