{"id":2588,"date":"2018-09-11T16:10:42","date_gmt":"2018-09-11T14:10:42","guid":{"rendered":"https:\/\/www.bayeuxmuseum.com\/\/mahb-museum-of-art-and-history-bayeux\/les-collections-du-mahb\/les-oeuvres-cles-du-mahb\/"},"modified":"2019-11-29T15:44:40","modified_gmt":"2019-11-29T14:44:40","slug":"key-works","status":"publish","type":"page","link":"https:\/\/www.bayeuxmuseum.com\/en\/mahb-museum-of-art-and-history-bayeux\/the-mahb-collections\/key-works\/","title":{"rendered":"The museum&#8217;s key works"},"content":{"rendered":"","protected":false},"excerpt":{"rendered":"","protected":false},"author":2,"featured_media":0,"parent":2454,"menu_order":0,"comment_status":"closed","ping_status":"closed","template":"page-templates\/tpl-page-niveau-3-bis.php","meta":{"_acf_changed":false,"footnotes":""},"class_list":["post-2588","page","type-page","status-publish","hentry"],"acf":[],"yoast_head":"<!-- This site is optimized with the Yoast SEO plugin v27.3 - https:\/\/yoast.com\/product\/yoast-seo-wordpress\/ -->\n<title>Key works of art at the Museum of art and history Baron G\u00e9rard in Bayeux<\/title>\n<meta name=\"description\" content=\"Admire the main works of the Museum of Art and History Baron Gerard in Bayeux: portraits \u00e0 la campagne from Gustave Caillebotte, La Cage from Fran\u00e7ois Boucher, lace and porcelain from Bayeux.\" \/>\n<meta name=\"robots\" content=\"index, follow, max-snippet:-1, max-image-preview:large, max-video-preview:-1\" \/>\n<link rel=\"canonical\" href=\"https:\/\/www.bayeuxmuseum.com\/en\/mahb-museum-of-art-and-history-bayeux\/the-mahb-collections\/key-works\/\" \/>\n<meta property=\"og:locale\" content=\"en_US\" \/>\n<meta property=\"og:type\" content=\"article\" \/>\n<meta property=\"og:title\" content=\"Key works of art at the Museum of art and history Baron G\u00e9rard in Bayeux\" \/>\n<meta property=\"og:description\" content=\"Admire the main works of the Museum of Art and History Baron Gerard in Bayeux: portraits \u00e0 la campagne from Gustave Caillebotte, La Cage from Fran\u00e7ois Boucher, lace and porcelain from Bayeux.\" \/>\n<meta property=\"og:url\" content=\"https:\/\/www.bayeuxmuseum.com\/en\/mahb-museum-of-art-and-history-bayeux\/the-mahb-collections\/key-works\/\" \/>\n<meta property=\"og:site_name\" content=\"Bayeux Museum\" \/>\n<meta property=\"article:modified_time\" content=\"2019-11-29T14:44:40+00:00\" \/>\n<meta property=\"og:image\" content=\"https:\/\/www.bayeuxmuseum.com\/wp-content\/uploads\/2018\/11\/Bayeux-musee-MAHB-collections-oeuvres-majeures_BayeuxMuseum-1920x700.jpg\" \/>\n\t<meta property=\"og:image:width\" content=\"1920\" \/>\n\t<meta property=\"og:image:height\" content=\"700\" \/>\n\t<meta property=\"og:image:type\" content=\"image\/jpeg\" \/>\n<meta name=\"twitter:card\" content=\"summary_large_image\" \/>\n<script type=\"application\/ld+json\" class=\"yoast-schema-graph\">{\"@context\":\"https:\\\/\\\/schema.org\",\"@graph\":[{\"@type\":\"WebPage\",\"@id\":\"https:\\\/\\\/www.bayeuxmuseum.com\\\/en\\\/mahb-museum-of-art-and-history-bayeux\\\/the-mahb-collections\\\/key-works\\\/\",\"url\":\"https:\\\/\\\/www.bayeuxmuseum.com\\\/en\\\/mahb-museum-of-art-and-history-bayeux\\\/the-mahb-collections\\\/key-works\\\/\",\"name\":\"Key works of art at the Museum of art and history Baron G\u00e9rard in Bayeux\",\"isPartOf\":{\"@id\":\"https:\\\/\\\/www.bayeuxmuseum.com\\\/#website\"},\"datePublished\":\"2018-09-11T14:10:42+00:00\",\"dateModified\":\"2019-11-29T14:44:40+00:00\",\"description\":\"Admire the main works of the Museum of Art and History Baron Gerard in Bayeux: portraits \u00e0 la campagne from Gustave Caillebotte, La Cage from Fran\u00e7ois Boucher, lace and porcelain from Bayeux.\",\"breadcrumb\":{\"@id\":\"https:\\\/\\\/www.bayeuxmuseum.com\\\/en\\\/mahb-museum-of-art-and-history-bayeux\\\/the-mahb-collections\\\/key-works\\\/#breadcrumb\"},\"inLanguage\":\"en-US\",\"potentialAction\":[{\"@type\":\"ReadAction\",\"target\":[\"https:\\\/\\\/www.bayeuxmuseum.com\\\/en\\\/mahb-museum-of-art-and-history-bayeux\\\/the-mahb-collections\\\/key-works\\\/\"]}]},{\"@type\":\"BreadcrumbList\",\"@id\":\"https:\\\/\\\/www.bayeuxmuseum.com\\\/en\\\/mahb-museum-of-art-and-history-bayeux\\\/the-mahb-collections\\\/key-works\\\/#breadcrumb\",\"itemListElement\":[{\"@type\":\"ListItem\",\"position\":1,\"name\":\"Accueil\",\"item\":\"https:\\\/\\\/www.bayeuxmuseum.com\\\/en\\\/\"},{\"@type\":\"ListItem\",\"position\":2,\"name\":\"MAHB Museum of Art and History Baron G\u00e9rard\",\"item\":\"https:\\\/\\\/www.bayeuxmuseum.com\\\/en\\\/mahb-museum-of-art-and-history-bayeux\\\/\"},{\"@type\":\"ListItem\",\"position\":3,\"name\":\"The MAHB collections\",\"item\":\"https:\\\/\\\/www.bayeuxmuseum.com\\\/en\\\/mahb-museum-of-art-and-history-bayeux\\\/the-mahb-collections\\\/\"},{\"@type\":\"ListItem\",\"position\":4,\"name\":\"The museum&#8217;s key works\"}]},{\"@type\":\"WebSite\",\"@id\":\"https:\\\/\\\/www.bayeuxmuseum.com\\\/#website\",\"url\":\"https:\\\/\\\/www.bayeuxmuseum.com\\\/\",\"name\":\"Bayeux Museum\",\"description\":\"Les 3 mus\u00e9es de Bayeux\",\"potentialAction\":[{\"@type\":\"SearchAction\",\"target\":{\"@type\":\"EntryPoint\",\"urlTemplate\":\"https:\\\/\\\/www.bayeuxmuseum.com\\\/?s={search_term_string}\"},\"query-input\":{\"@type\":\"PropertyValueSpecification\",\"valueRequired\":true,\"valueName\":\"search_term_string\"}}],\"inLanguage\":\"en-US\"}]}<\/script>\n<!-- \/ Yoast SEO plugin. -->","yoast_head_json":{"title":"Key works of art at the Museum of art and history Baron G\u00e9rard in Bayeux","description":"Admire the main works of the Museum of Art and History Baron Gerard in Bayeux: portraits \u00e0 la campagne from Gustave Caillebotte, La Cage from Fran\u00e7ois Boucher, lace and porcelain from Bayeux.","robots":{"index":"index","follow":"follow","max-snippet":"max-snippet:-1","max-image-preview":"max-image-preview:large","max-video-preview":"max-video-preview:-1"},"canonical":"https:\/\/www.bayeuxmuseum.com\/en\/mahb-museum-of-art-and-history-bayeux\/the-mahb-collections\/key-works\/","og_locale":"en_US","og_type":"article","og_title":"Key works of art at the Museum of art and history Baron G\u00e9rard in Bayeux","og_description":"Admire the main works of the Museum of Art and History Baron Gerard in Bayeux: portraits \u00e0 la campagne from Gustave Caillebotte, La Cage from Fran\u00e7ois Boucher, lace and porcelain from Bayeux.","og_url":"https:\/\/www.bayeuxmuseum.com\/en\/mahb-museum-of-art-and-history-bayeux\/the-mahb-collections\/key-works\/","og_site_name":"Bayeux Museum","article_modified_time":"2019-11-29T14:44:40+00:00","og_image":[{"width":1920,"height":700,"url":"https:\/\/www.bayeuxmuseum.com\/wp-content\/uploads\/2018\/11\/Bayeux-musee-MAHB-collections-oeuvres-majeures_BayeuxMuseum-1920x700.jpg","type":"image\/jpeg"}],"twitter_card":"summary_large_image","schema":{"@context":"https:\/\/schema.org","@graph":[{"@type":"WebPage","@id":"https:\/\/www.bayeuxmuseum.com\/en\/mahb-museum-of-art-and-history-bayeux\/the-mahb-collections\/key-works\/","url":"https:\/\/www.bayeuxmuseum.com\/en\/mahb-museum-of-art-and-history-bayeux\/the-mahb-collections\/key-works\/","name":"Key works of art at the Museum of art and history Baron G\u00e9rard in Bayeux","isPartOf":{"@id":"https:\/\/www.bayeuxmuseum.com\/#website"},"datePublished":"2018-09-11T14:10:42+00:00","dateModified":"2019-11-29T14:44:40+00:00","description":"Admire the main works of the Museum of Art and History Baron Gerard in Bayeux: portraits \u00e0 la campagne from Gustave Caillebotte, La Cage from Fran\u00e7ois Boucher, lace and porcelain from Bayeux.","breadcrumb":{"@id":"https:\/\/www.bayeuxmuseum.com\/en\/mahb-museum-of-art-and-history-bayeux\/the-mahb-collections\/key-works\/#breadcrumb"},"inLanguage":"en-US","potentialAction":[{"@type":"ReadAction","target":["https:\/\/www.bayeuxmuseum.com\/en\/mahb-museum-of-art-and-history-bayeux\/the-mahb-collections\/key-works\/"]}]},{"@type":"BreadcrumbList","@id":"https:\/\/www.bayeuxmuseum.com\/en\/mahb-museum-of-art-and-history-bayeux\/the-mahb-collections\/key-works\/#breadcrumb","itemListElement":[{"@type":"ListItem","position":1,"name":"Accueil","item":"https:\/\/www.bayeuxmuseum.com\/en\/"},{"@type":"ListItem","position":2,"name":"MAHB Museum of Art and History Baron G\u00e9rard","item":"https:\/\/www.bayeuxmuseum.com\/en\/mahb-museum-of-art-and-history-bayeux\/"},{"@type":"ListItem","position":3,"name":"The MAHB collections","item":"https:\/\/www.bayeuxmuseum.com\/en\/mahb-museum-of-art-and-history-bayeux\/the-mahb-collections\/"},{"@type":"ListItem","position":4,"name":"The museum&#8217;s key works"}]},{"@type":"WebSite","@id":"https:\/\/www.bayeuxmuseum.com\/#website","url":"https:\/\/www.bayeuxmuseum.com\/","name":"Bayeux Museum","description":"Les 3 mus\u00e9es de Bayeux","potentialAction":[{"@type":"SearchAction","target":{"@type":"EntryPoint","urlTemplate":"https:\/\/www.bayeuxmuseum.com\/?s={search_term_string}"},"query-input":{"@type":"PropertyValueSpecification","valueRequired":true,"valueName":"search_term_string"}}],"inLanguage":"en-US"}]}},"_links":{"self":[{"href":"https:\/\/www.bayeuxmuseum.com\/en\/wp-json\/wp\/v2\/pages\/2588","targetHints":{"allow":["GET"]}}],"collection":[{"href":"https:\/\/www.bayeuxmuseum.com\/en\/wp-json\/wp\/v2\/pages"}],"about":[{"href":"https:\/\/www.bayeuxmuseum.com\/en\/wp-json\/wp\/v2\/types\/page"}],"author":[{"embeddable":true,"href":"https:\/\/www.bayeuxmuseum.com\/en\/wp-json\/wp\/v2\/users\/2"}],"replies":[{"embeddable":true,"href":"https:\/\/www.bayeuxmuseum.com\/en\/wp-json\/wp\/v2\/comments?post=2588"}],"version-history":[{"count":1,"href":"https:\/\/www.bayeuxmuseum.com\/en\/wp-json\/wp\/v2\/pages\/2588\/revisions"}],"predecessor-version":[{"id":3092,"href":"https:\/\/www.bayeuxmuseum.com\/en\/wp-json\/wp\/v2\/pages\/2588\/revisions\/3092"}],"up":[{"embeddable":true,"href":"https:\/\/www.bayeuxmuseum.com\/en\/wp-json\/wp\/v2\/pages\/2454"}],"wp:attachment":[{"href":"https:\/\/www.bayeuxmuseum.com\/en\/wp-json\/wp\/v2\/media?parent=2588"}],"curies":[{"name":"wp","href":"https:\/\/api.w.org\/{rel}","templated":true}]}}