{"id":2632,"date":"2018-09-10T14:44:29","date_gmt":"2018-09-10T12:44:29","guid":{"rendered":"https:\/\/www.bayeuxmuseum.com\/\/mahb-museum-of-art-and-history-bayeux\/visiting-the-mahb\/parcours-de-visite-du-mahb\/"},"modified":"2020-05-27T09:36:22","modified_gmt":"2020-05-27T07:36:22","slug":"visit-layout","status":"publish","type":"page","link":"https:\/\/www.bayeuxmuseum.com\/en\/mahb-museum-of-art-and-history-bayeux\/visiting-the-mahb\/visit-layout\/","title":{"rendered":"MAHB Visit Layout"},"content":{"rendered":"<p>Une sc\u00e9nographie qui met en valeur les collections<\/p>\n<p>Sous-titre : Le palais \u00e9piscopal pr\u00e9sente de nombreuses strates historiques de construction et d\u2019am\u00e9nagement int\u00e9rieur allant du Moyen Age au XXIe si\u00e8cle. Une mosa\u00efque d\u2019architectures qui offre deux lectures du mus\u00e9e : celle du monument et celles des collections.<\/p>\n<p>Texte : Les \u0153uvres de la p\u00e9riode m\u00e9di\u00e9vale trouvent naturellement leur place sous les vo\u00fbtes d\u2019ar\u00eates datant du XIe si\u00e8cle, et les dentelles de Bayeux se d\u00e9voilent dans les appartements priv\u00e9s de l\u2019\u00e9v\u00eaque, par\u00e9s de boiseries du XVIIIe si\u00e8cle. Parfois pr\u00e9sent\u00e9es p\u00eale-m\u00eale pour \u00e9voquer l\u2019id\u00e9e d\u2019une manufacture, les collections de porcelaine de Bayeux, ont investi un \u00eelot de verre contemporain.<\/p>\n","protected":false},"excerpt":{"rendered":"<p>Une sc\u00e9nographie qui met en valeur les collections Sous-titre : Le palais \u00e9piscopal pr\u00e9sente de nombreuses strates historiques de construction et d\u2019am\u00e9nagement int\u00e9rieur allant du Moyen Age au XXIe si\u00e8cle. Une mosa\u00efque d\u2019architectures qui offre deux lectures du mus\u00e9e : celle du monument et celles des collections. Texte : Les \u0153uvres de la p\u00e9riode m\u00e9di\u00e9vale [&hellip;]<\/p>\n","protected":false},"author":2,"featured_media":0,"parent":2448,"menu_order":0,"comment_status":"closed","ping_status":"closed","template":"page-templates\/tpl-page-contenu.php","meta":{"_acf_changed":false,"footnotes":""},"class_list":["post-2632","page","type-page","status-publish","hentry"],"acf":[],"yoast_head":"<!-- This site is optimized with the Yoast SEO plugin v27.3 - https:\/\/yoast.com\/product\/yoast-seo-wordpress\/ -->\n<title>Visit layout of the MAHB museum of art and history in Bayeux<\/title>\n<meta name=\"description\" content=\"The collections that are exhibited in the MAHB museum in Bayeux, Normandy, are arranged chronologically thanks to a layout of 14 rooms.\" \/>\n<meta name=\"robots\" content=\"index, follow, max-snippet:-1, max-image-preview:large, max-video-preview:-1\" \/>\n<link rel=\"canonical\" href=\"https:\/\/www.bayeuxmuseum.com\/en\/mahb-museum-of-art-and-history-bayeux\/visiting-the-mahb\/visit-layout\/\" \/>\n<meta property=\"og:locale\" content=\"en_US\" \/>\n<meta property=\"og:type\" content=\"article\" \/>\n<meta property=\"og:title\" content=\"Visit layout of the MAHB museum of art and history in Bayeux\" \/>\n<meta property=\"og:description\" content=\"The collections that are exhibited in the MAHB museum in Bayeux, Normandy, are arranged chronologically thanks to a layout of 14 rooms.\" \/>\n<meta property=\"og:url\" content=\"https:\/\/www.bayeuxmuseum.com\/en\/mahb-museum-of-art-and-history-bayeux\/visiting-the-mahb\/visit-layout\/\" \/>\n<meta property=\"og:site_name\" content=\"Bayeux Museum\" \/>\n<meta property=\"article:modified_time\" content=\"2020-05-27T07:36:22+00:00\" \/>\n<meta property=\"og:image\" content=\"https:\/\/www.bayeuxmuseum.com\/wp-content\/uploads\/2018\/09\/Bayeux-musee-mahb-parcours-visite-3.jpg\" \/>\n\t<meta property=\"og:image:width\" content=\"1920\" \/>\n\t<meta property=\"og:image:height\" content=\"700\" \/>\n\t<meta property=\"og:image:type\" content=\"image\/jpeg\" \/>\n<meta name=\"twitter:card\" content=\"summary_large_image\" \/>\n<meta name=\"twitter:label1\" content=\"Est. reading time\" \/>\n\t<meta name=\"twitter:data1\" content=\"1 minute\" \/>\n<script type=\"application\/ld+json\" class=\"yoast-schema-graph\">{\"@context\":\"https:\\\/\\\/schema.org\",\"@graph\":[{\"@type\":\"WebPage\",\"@id\":\"https:\\\/\\\/www.bayeuxmuseum.com\\\/en\\\/mahb-museum-of-art-and-history-bayeux\\\/visiting-the-mahb\\\/visit-layout\\\/\",\"url\":\"https:\\\/\\\/www.bayeuxmuseum.com\\\/en\\\/mahb-museum-of-art-and-history-bayeux\\\/visiting-the-mahb\\\/visit-layout\\\/\",\"name\":\"Visit layout of the MAHB museum of art and history in Bayeux\",\"isPartOf\":{\"@id\":\"https:\\\/\\\/www.bayeuxmuseum.com\\\/#website\"},\"datePublished\":\"2018-09-10T12:44:29+00:00\",\"dateModified\":\"2020-05-27T07:36:22+00:00\",\"description\":\"The collections that are exhibited in the MAHB museum in Bayeux, Normandy, are arranged chronologically thanks to a layout of 14 rooms.\",\"breadcrumb\":{\"@id\":\"https:\\\/\\\/www.bayeuxmuseum.com\\\/en\\\/mahb-museum-of-art-and-history-bayeux\\\/visiting-the-mahb\\\/visit-layout\\\/#breadcrumb\"},\"inLanguage\":\"en-US\",\"potentialAction\":[{\"@type\":\"ReadAction\",\"target\":[\"https:\\\/\\\/www.bayeuxmuseum.com\\\/en\\\/mahb-museum-of-art-and-history-bayeux\\\/visiting-the-mahb\\\/visit-layout\\\/\"]}]},{\"@type\":\"BreadcrumbList\",\"@id\":\"https:\\\/\\\/www.bayeuxmuseum.com\\\/en\\\/mahb-museum-of-art-and-history-bayeux\\\/visiting-the-mahb\\\/visit-layout\\\/#breadcrumb\",\"itemListElement\":[{\"@type\":\"ListItem\",\"position\":1,\"name\":\"Accueil\",\"item\":\"https:\\\/\\\/www.bayeuxmuseum.com\\\/en\\\/\"},{\"@type\":\"ListItem\",\"position\":2,\"name\":\"MAHB Museum of Art and History Baron G\u00e9rard\",\"item\":\"https:\\\/\\\/www.bayeuxmuseum.com\\\/en\\\/mahb-museum-of-art-and-history-bayeux\\\/\"},{\"@type\":\"ListItem\",\"position\":3,\"name\":\"Visiting the MAHB\",\"item\":\"https:\\\/\\\/www.bayeuxmuseum.com\\\/en\\\/mahb-museum-of-art-and-history-bayeux\\\/visiting-the-mahb\\\/\"},{\"@type\":\"ListItem\",\"position\":4,\"name\":\"MAHB Visit Layout\"}]},{\"@type\":\"WebSite\",\"@id\":\"https:\\\/\\\/www.bayeuxmuseum.com\\\/#website\",\"url\":\"https:\\\/\\\/www.bayeuxmuseum.com\\\/\",\"name\":\"Bayeux Museum\",\"description\":\"Les 3 mus\u00e9es de Bayeux\",\"potentialAction\":[{\"@type\":\"SearchAction\",\"target\":{\"@type\":\"EntryPoint\",\"urlTemplate\":\"https:\\\/\\\/www.bayeuxmuseum.com\\\/?s={search_term_string}\"},\"query-input\":{\"@type\":\"PropertyValueSpecification\",\"valueRequired\":true,\"valueName\":\"search_term_string\"}}],\"inLanguage\":\"en-US\"}]}<\/script>\n<!-- \/ Yoast SEO plugin. -->","yoast_head_json":{"title":"Visit layout of the MAHB museum of art and history in Bayeux","description":"The collections that are exhibited in the MAHB museum in Bayeux, Normandy, are arranged chronologically thanks to a layout of 14 rooms.","robots":{"index":"index","follow":"follow","max-snippet":"max-snippet:-1","max-image-preview":"max-image-preview:large","max-video-preview":"max-video-preview:-1"},"canonical":"https:\/\/www.bayeuxmuseum.com\/en\/mahb-museum-of-art-and-history-bayeux\/visiting-the-mahb\/visit-layout\/","og_locale":"en_US","og_type":"article","og_title":"Visit layout of the MAHB museum of art and history in Bayeux","og_description":"The collections that are exhibited in the MAHB museum in Bayeux, Normandy, are arranged chronologically thanks to a layout of 14 rooms.","og_url":"https:\/\/www.bayeuxmuseum.com\/en\/mahb-museum-of-art-and-history-bayeux\/visiting-the-mahb\/visit-layout\/","og_site_name":"Bayeux Museum","article_modified_time":"2020-05-27T07:36:22+00:00","og_image":[{"width":1920,"height":700,"url":"https:\/\/www.bayeuxmuseum.com\/wp-content\/uploads\/2018\/09\/Bayeux-musee-mahb-parcours-visite-3.jpg","type":"image\/jpeg"}],"twitter_card":"summary_large_image","twitter_misc":{"Est. reading time":"1 minute"},"schema":{"@context":"https:\/\/schema.org","@graph":[{"@type":"WebPage","@id":"https:\/\/www.bayeuxmuseum.com\/en\/mahb-museum-of-art-and-history-bayeux\/visiting-the-mahb\/visit-layout\/","url":"https:\/\/www.bayeuxmuseum.com\/en\/mahb-museum-of-art-and-history-bayeux\/visiting-the-mahb\/visit-layout\/","name":"Visit layout of the MAHB museum of art and history in Bayeux","isPartOf":{"@id":"https:\/\/www.bayeuxmuseum.com\/#website"},"datePublished":"2018-09-10T12:44:29+00:00","dateModified":"2020-05-27T07:36:22+00:00","description":"The collections that are exhibited in the MAHB museum in Bayeux, Normandy, are arranged chronologically thanks to a layout of 14 rooms.","breadcrumb":{"@id":"https:\/\/www.bayeuxmuseum.com\/en\/mahb-museum-of-art-and-history-bayeux\/visiting-the-mahb\/visit-layout\/#breadcrumb"},"inLanguage":"en-US","potentialAction":[{"@type":"ReadAction","target":["https:\/\/www.bayeuxmuseum.com\/en\/mahb-museum-of-art-and-history-bayeux\/visiting-the-mahb\/visit-layout\/"]}]},{"@type":"BreadcrumbList","@id":"https:\/\/www.bayeuxmuseum.com\/en\/mahb-museum-of-art-and-history-bayeux\/visiting-the-mahb\/visit-layout\/#breadcrumb","itemListElement":[{"@type":"ListItem","position":1,"name":"Accueil","item":"https:\/\/www.bayeuxmuseum.com\/en\/"},{"@type":"ListItem","position":2,"name":"MAHB Museum of Art and History Baron G\u00e9rard","item":"https:\/\/www.bayeuxmuseum.com\/en\/mahb-museum-of-art-and-history-bayeux\/"},{"@type":"ListItem","position":3,"name":"Visiting the MAHB","item":"https:\/\/www.bayeuxmuseum.com\/en\/mahb-museum-of-art-and-history-bayeux\/visiting-the-mahb\/"},{"@type":"ListItem","position":4,"name":"MAHB Visit Layout"}]},{"@type":"WebSite","@id":"https:\/\/www.bayeuxmuseum.com\/#website","url":"https:\/\/www.bayeuxmuseum.com\/","name":"Bayeux Museum","description":"Les 3 mus\u00e9es de Bayeux","potentialAction":[{"@type":"SearchAction","target":{"@type":"EntryPoint","urlTemplate":"https:\/\/www.bayeuxmuseum.com\/?s={search_term_string}"},"query-input":{"@type":"PropertyValueSpecification","valueRequired":true,"valueName":"search_term_string"}}],"inLanguage":"en-US"}]}},"_links":{"self":[{"href":"https:\/\/www.bayeuxmuseum.com\/en\/wp-json\/wp\/v2\/pages\/2632","targetHints":{"allow":["GET"]}}],"collection":[{"href":"https:\/\/www.bayeuxmuseum.com\/en\/wp-json\/wp\/v2\/pages"}],"about":[{"href":"https:\/\/www.bayeuxmuseum.com\/en\/wp-json\/wp\/v2\/types\/page"}],"author":[{"embeddable":true,"href":"https:\/\/www.bayeuxmuseum.com\/en\/wp-json\/wp\/v2\/users\/2"}],"replies":[{"embeddable":true,"href":"https:\/\/www.bayeuxmuseum.com\/en\/wp-json\/wp\/v2\/comments?post=2632"}],"version-history":[{"count":1,"href":"https:\/\/www.bayeuxmuseum.com\/en\/wp-json\/wp\/v2\/pages\/2632\/revisions"}],"predecessor-version":[{"id":3100,"href":"https:\/\/www.bayeuxmuseum.com\/en\/wp-json\/wp\/v2\/pages\/2632\/revisions\/3100"}],"up":[{"embeddable":true,"href":"https:\/\/www.bayeuxmuseum.com\/en\/wp-json\/wp\/v2\/pages\/2448"}],"wp:attachment":[{"href":"https:\/\/www.bayeuxmuseum.com\/en\/wp-json\/wp\/v2\/media?parent=2632"}],"curies":[{"name":"wp","href":"https:\/\/api.w.org\/{rel}","templated":true}]}}